{"id":1669,"date":"2023-08-25T14:52:45","date_gmt":"2023-08-25T20:52:45","guid":{"rendered":"https:\/\/apcindustrial.com\/contact\/"},"modified":"2026-01-14T14:20:33","modified_gmt":"2026-01-14T20:20:33","slug":"contact","status":"publish","type":"page","link":"https:\/\/apcindustrial.com\/en\/contact\/","title":{"rendered":"Contact"},"content":{"rendered":"\t\t<div data-elementor-type=\"wp-page\" data-elementor-id=\"1669\" class=\"elementor elementor-1669 elementor-805\" data-elementor-post-type=\"page\">\n\t\t\t\t<div class=\"elementor-element elementor-element-52bf7eac e-flex e-con-boxed e-con e-parent\" data-id=\"52bf7eac\" data-element_type=\"container\" data-e-type=\"container\">\n\t\t\t\t\t<div class=\"e-con-inner\">\n\t\t\t\t<div class=\"elementor-element elementor-element-7a73a258 elementor-widget elementor-widget-shortcode\" data-id=\"7a73a258\" data-element_type=\"widget\" data-e-type=\"widget\" data-widget_type=\"shortcode.default\">\n\t\t\t\t\t\t\t<div class=\"elementor-shortcode\">[et_pb_section fb_built=\"1\" theme_builder_area=\"post_content\" _builder_version=\"4.27.4\" _module_preset=\"default\"][\/et_pb_section]<\/div>\n\t\t\t\t\t\t<\/div>\n\t\t\t\t\t<\/div>\n\t\t\t\t<\/div>\n\t\t<div class=\"elementor-element elementor-element-c43f687 e-flex e-con-boxed elementor-invisible e-con e-parent\" data-id=\"c43f687\" data-element_type=\"container\" data-e-type=\"container\" data-settings=\"{&quot;background_background&quot;:&quot;classic&quot;,&quot;animation&quot;:&quot;fadeInUp&quot;}\">\n\t\t\t\t\t<div class=\"e-con-inner\">\n\t\t<div class=\"elementor-element elementor-element-7d08a45 e-con-full e-flex elementor-invisible e-con e-child\" data-id=\"7d08a45\" data-element_type=\"container\" data-e-type=\"container\" data-settings=\"{&quot;animation&quot;:&quot;fadeInLeft&quot;,&quot;animation_delay&quot;:500}\">\n\t\t\t\t<div class=\"elementor-element elementor-element-862f207 elementor-widget elementor-widget-heading\" data-id=\"862f207\" data-element_type=\"widget\" data-e-type=\"widget\" data-widget_type=\"heading.default\">\n\t\t\t\t\t<h2 class=\"elementor-heading-title elementor-size-default\">Contact<\/h2>\t\t\t\t<\/div>\n\t\t\t\t<\/div>\n\t\t\t\t\t<\/div>\n\t\t\t\t<\/div>\n\t\t\t\t<\/div>\n\t\t","protected":false},"excerpt":{"rendered":"<p>[et_pb_section fb_built=&#8221;1&#8243; theme_builder_area=&#8221;post_content&#8221; _builder_version=&#8221;4.27.4&#8243; _module_preset=&#8221;default&#8221;][\/et_pb_section] Contact<\/p>\n","protected":false},"author":5,"featured_media":0,"parent":0,"menu_order":0,"comment_status":"closed","ping_status":"closed","template":"elementor_header_footer","meta":{"footnotes":""},"class_list":["post-1669","page","type-page","status-publish","hentry"],"yoast_head":"<!-- This site is optimized with the Yoast SEO Premium plugin v26.9 (Yoast SEO v26.9) - https:\/\/yoast.com\/product\/yoast-seo-premium-wordpress\/ -->\n<title>Contact - APC INDUSTRIAL<\/title>\n<meta name=\"description\" content=\"Contacto empresa de ingenier\u00eda y construcci\u00f3n en M\u00e9xico | Cotizaci\u00f3n de proyecto industrial | Comienza hoy mismo a planificar tu proyecto con expertos\" \/>\n<meta name=\"robots\" content=\"index, follow, max-snippet:-1, max-image-preview:large, max-video-preview:-1\" \/>\n<link rel=\"canonical\" href=\"https:\/\/apcindustrial.com\/en\/contact\/\" \/>\n<meta property=\"og:locale\" content=\"en_US\" \/>\n<meta property=\"og:type\" content=\"article\" \/>\n<meta property=\"og:title\" content=\"Contact\" \/>\n<meta property=\"og:description\" content=\"Contacto empresa de ingenier\u00eda y construcci\u00f3n en M\u00e9xico | Cotizaci\u00f3n de proyecto industrial | Comienza hoy mismo a planificar tu proyecto con expertos\" \/>\n<meta property=\"og:url\" content=\"https:\/\/apcindustrial.com\/en\/contact\/\" \/>\n<meta property=\"og:site_name\" content=\"APC INDUSTRIAL\" \/>\n<meta property=\"article:publisher\" content=\"https:\/\/www.facebook.com\/APCIndustrialMx\/\" \/>\n<meta property=\"article:modified_time\" content=\"2026-01-14T20:20:33+00:00\" \/>\n<meta name=\"twitter:card\" content=\"summary_large_image\" \/>\n<meta name=\"twitter:site\" content=\"@APC_Industrial\" \/>\n<meta name=\"twitter:label1\" content=\"Est. reading time\" \/>\n\t<meta name=\"twitter:data1\" content=\"1 minute\" \/>\n<script type=\"application\/ld+json\" class=\"yoast-schema-graph\">{\"@context\":\"https:\/\/schema.org\",\"@graph\":[{\"@type\":\"WebPage\",\"@id\":\"https:\/\/apcindustrial.com\/en\/contact\/\",\"url\":\"https:\/\/apcindustrial.com\/en\/contact\/\",\"name\":\"Contact - APC INDUSTRIAL\",\"isPartOf\":{\"@id\":\"https:\/\/apcindustrial.com\/en\/#website\"},\"datePublished\":\"2023-08-25T20:52:45+00:00\",\"dateModified\":\"2026-01-14T20:20:33+00:00\",\"description\":\"Contacto empresa de ingenier\u00eda y construcci\u00f3n en M\u00e9xico | Cotizaci\u00f3n de proyecto industrial | Comienza hoy mismo a planificar tu proyecto con expertos\",\"breadcrumb\":{\"@id\":\"https:\/\/apcindustrial.com\/en\/contact\/#breadcrumb\"},\"inLanguage\":\"en-US\",\"potentialAction\":[{\"@type\":\"ReadAction\",\"target\":[\"https:\/\/apcindustrial.com\/en\/contact\/\"]}]},{\"@type\":\"BreadcrumbList\",\"@id\":\"https:\/\/apcindustrial.com\/en\/contact\/#breadcrumb\",\"itemListElement\":[{\"@type\":\"ListItem\",\"position\":1,\"name\":\"Portada\",\"item\":\"https:\/\/apcindustrial.com\/en\/\"},{\"@type\":\"ListItem\",\"position\":2,\"name\":\"Contact\"}]},{\"@type\":\"WebSite\",\"@id\":\"https:\/\/apcindustrial.com\/en\/#website\",\"url\":\"https:\/\/apcindustrial.com\/en\/\",\"name\":\"APC INDUSTRIAL\",\"description\":\"Instalaciones electromec\u00e1nicas y montaje de maquinaria para la industria y el comercio.\",\"publisher\":{\"@id\":\"https:\/\/apcindustrial.com\/en\/#organization\"},\"potentialAction\":[{\"@type\":\"SearchAction\",\"target\":{\"@type\":\"EntryPoint\",\"urlTemplate\":\"https:\/\/apcindustrial.com\/en\/?s={search_term_string}\"},\"query-input\":{\"@type\":\"PropertyValueSpecification\",\"valueRequired\":true,\"valueName\":\"search_term_string\"}}],\"inLanguage\":\"en-US\"},{\"@type\":\"Organization\",\"@id\":\"https:\/\/apcindustrial.com\/en\/#organization\",\"name\":\"APC INDUSTRIAL\",\"url\":\"https:\/\/apcindustrial.com\/en\/\",\"logo\":{\"@type\":\"ImageObject\",\"inLanguage\":\"en-US\",\"@id\":\"https:\/\/apcindustrial.com\/en\/#\/schema\/logo\/image\/\",\"url\":\"https:\/\/apcindustrial.com\/wp-content\/uploads\/2023\/06\/logo_original.png\",\"contentUrl\":\"https:\/\/apcindustrial.com\/wp-content\/uploads\/2023\/06\/logo_original.png\",\"width\":6488,\"height\":2184,\"caption\":\"APC INDUSTRIAL\"},\"image\":{\"@id\":\"https:\/\/apcindustrial.com\/en\/#\/schema\/logo\/image\/\"},\"sameAs\":[\"https:\/\/www.facebook.com\/APCIndustrialMx\/\",\"https:\/\/x.com\/APC_Industrial\"]}]}<\/script>\n<!-- \/ Yoast SEO Premium plugin. -->","yoast_head_json":{"title":"Contact - APC INDUSTRIAL","description":"Contacto empresa de ingenier\u00eda y construcci\u00f3n en M\u00e9xico | Cotizaci\u00f3n de proyecto industrial | Comienza hoy mismo a planificar tu proyecto con expertos","robots":{"index":"index","follow":"follow","max-snippet":"max-snippet:-1","max-image-preview":"max-image-preview:large","max-video-preview":"max-video-preview:-1"},"canonical":"https:\/\/apcindustrial.com\/en\/contact\/","og_locale":"en_US","og_type":"article","og_title":"Contact","og_description":"Contacto empresa de ingenier\u00eda y construcci\u00f3n en M\u00e9xico | Cotizaci\u00f3n de proyecto industrial | Comienza hoy mismo a planificar tu proyecto con expertos","og_url":"https:\/\/apcindustrial.com\/en\/contact\/","og_site_name":"APC INDUSTRIAL","article_publisher":"https:\/\/www.facebook.com\/APCIndustrialMx\/","article_modified_time":"2026-01-14T20:20:33+00:00","twitter_card":"summary_large_image","twitter_site":"@APC_Industrial","twitter_misc":{"Est. reading time":"1 minute"},"schema":{"@context":"https:\/\/schema.org","@graph":[{"@type":"WebPage","@id":"https:\/\/apcindustrial.com\/en\/contact\/","url":"https:\/\/apcindustrial.com\/en\/contact\/","name":"Contact - APC INDUSTRIAL","isPartOf":{"@id":"https:\/\/apcindustrial.com\/en\/#website"},"datePublished":"2023-08-25T20:52:45+00:00","dateModified":"2026-01-14T20:20:33+00:00","description":"Contacto empresa de ingenier\u00eda y construcci\u00f3n en M\u00e9xico | Cotizaci\u00f3n de proyecto industrial | Comienza hoy mismo a planificar tu proyecto con expertos","breadcrumb":{"@id":"https:\/\/apcindustrial.com\/en\/contact\/#breadcrumb"},"inLanguage":"en-US","potentialAction":[{"@type":"ReadAction","target":["https:\/\/apcindustrial.com\/en\/contact\/"]}]},{"@type":"BreadcrumbList","@id":"https:\/\/apcindustrial.com\/en\/contact\/#breadcrumb","itemListElement":[{"@type":"ListItem","position":1,"name":"Portada","item":"https:\/\/apcindustrial.com\/en\/"},{"@type":"ListItem","position":2,"name":"Contact"}]},{"@type":"WebSite","@id":"https:\/\/apcindustrial.com\/en\/#website","url":"https:\/\/apcindustrial.com\/en\/","name":"APC INDUSTRIAL","description":"Instalaciones electromec\u00e1nicas y montaje de maquinaria para la industria y el comercio.","publisher":{"@id":"https:\/\/apcindustrial.com\/en\/#organization"},"potentialAction":[{"@type":"SearchAction","target":{"@type":"EntryPoint","urlTemplate":"https:\/\/apcindustrial.com\/en\/?s={search_term_string}"},"query-input":{"@type":"PropertyValueSpecification","valueRequired":true,"valueName":"search_term_string"}}],"inLanguage":"en-US"},{"@type":"Organization","@id":"https:\/\/apcindustrial.com\/en\/#organization","name":"APC INDUSTRIAL","url":"https:\/\/apcindustrial.com\/en\/","logo":{"@type":"ImageObject","inLanguage":"en-US","@id":"https:\/\/apcindustrial.com\/en\/#\/schema\/logo\/image\/","url":"https:\/\/apcindustrial.com\/wp-content\/uploads\/2023\/06\/logo_original.png","contentUrl":"https:\/\/apcindustrial.com\/wp-content\/uploads\/2023\/06\/logo_original.png","width":6488,"height":2184,"caption":"APC INDUSTRIAL"},"image":{"@id":"https:\/\/apcindustrial.com\/en\/#\/schema\/logo\/image\/"},"sameAs":["https:\/\/www.facebook.com\/APCIndustrialMx\/","https:\/\/x.com\/APC_Industrial"]}]}},"_links":{"self":[{"href":"https:\/\/apcindustrial.com\/en\/wp-json\/wp\/v2\/pages\/1669","targetHints":{"allow":["GET"]}}],"collection":[{"href":"https:\/\/apcindustrial.com\/en\/wp-json\/wp\/v2\/pages"}],"about":[{"href":"https:\/\/apcindustrial.com\/en\/wp-json\/wp\/v2\/types\/page"}],"author":[{"embeddable":true,"href":"https:\/\/apcindustrial.com\/en\/wp-json\/wp\/v2\/users\/5"}],"replies":[{"embeddable":true,"href":"https:\/\/apcindustrial.com\/en\/wp-json\/wp\/v2\/comments?post=1669"}],"version-history":[{"count":22,"href":"https:\/\/apcindustrial.com\/en\/wp-json\/wp\/v2\/pages\/1669\/revisions"}],"predecessor-version":[{"id":5951,"href":"https:\/\/apcindustrial.com\/en\/wp-json\/wp\/v2\/pages\/1669\/revisions\/5951"}],"wp:attachment":[{"href":"https:\/\/apcindustrial.com\/en\/wp-json\/wp\/v2\/media?parent=1669"}],"curies":[{"name":"wp","href":"https:\/\/api.w.org\/{rel}","templated":true}]}}